{"id":467,"date":"2020-03-14T08:15:42","date_gmt":"2020-03-14T08:15:42","guid":{"rendered":"https:\/\/perkthyesegjermanishtshqip.wordpress.com\/?page_id=89"},"modified":"2020-03-14T08:15:42","modified_gmt":"2020-03-14T08:15:42","slug":"tatjanarama-2","status":"publish","type":"page","link":"http:\/\/shqip.ubersetzeralbanisch.de\/index.php\/tatjanarama-2\/","title":{"rendered":"Rreth meje"},"content":{"rendered":"\n<div style=\"height:64px;\" aria-hidden=\"true\" class=\"wp-block-spacer\"><\/div>\n\n\n\n<div class=\"wp-block-group alignfull\"><div class=\"wp-block-group__inner-container is-layout-flow wp-block-group-is-layout-flow\">\n<div class=\"wp-block-media-text alignfull is-stacked-on-mobile\" style=\"grid-template-columns:33% auto;\"><figure class=\"wp-block-media-text__media\"><img decoding=\"async\" src=\"https:\/\/perkthyesegjermanishtshqip.files.wordpress.com\/2020\/03\/tati-foto-3.jpg?w=300\" alt=\"\" class=\"wp-image-90\" \/><\/figure><div class=\"wp-block-media-text__content\">\n<div style=\"height:96px;\" aria-hidden=\"true\" class=\"wp-block-spacer\"><\/div>\n\n\n\n<h2 class=\"has-very-dark-gray-color has-text-color margin-bottom-half wp-block-heading\">Tatjana RAma &#8211; mba<\/h2>\n\n\n\n<p style=\"font-size:17px;\" class=\"margin-top-half\">P\u00ebrkthyese dhe interprete zyrtare e betuar p\u00ebr gjuh\u00ebn shqipe p\u00ebr Bundeslandin e Hamburgut (Ministria e Brendshme dhe Sportit e Qytetit t\u00eb Lir\u00eb dhe Hanseatik t\u00eb Hamburgut) dhe Bundeslandin e Schleswig-Holstein (Gjykata e Apelit e Bundeslandit Schleswig-Holstein)<\/p>\n\n\n\n<p style=\"font-size:22px;\"><em><span style=\"text-decoration:underline;\">Nj\u00eb jet\u00eb e p\u00ebrkushtuar p\u00ebrkthimit!<\/span><\/em><\/p>\n\n\n\n<p>Karriera:<\/p>\n\n\n\n<ul class=\"wp-block-list\"><li><strong><em>2020<\/em><\/strong><br>Betimi si interprete dhe p\u00ebrkthyese zyrtare e betuar p\u00ebr gjuh\u00ebn shqipe p\u00ebr gjykatat dhe prokurorit\u00eb e Landit Schleswig-Holstein para Presidentit t\u00eb Gjykat\u00ebs s\u00eb Shkall\u00ebs s\u00eb Dyt\u00eb L\u00fcbeck<\/li><li><strong><em>2017 <\/em><\/strong><br>Betimi si interprete dhe p\u00ebrkthyese zyrtare e betuar p\u00ebr gjuh\u00ebn shqipe nga Ministria e Brendshme dhe Sportit e Qytetit t\u00eb Lir\u00eb dhe Hanseatik t\u00eb Hamburgut p\u00ebr gjykatat dhe institucionet<\/li><li><strong><em>2016 &#8211; 2017<\/em><br><\/strong>\u00c7ertifikat\u00eb Universitare p\u00ebr pjes\u00ebmarrje t\u00eb suksesshme n\u00eb programin e kualifikimit t\u00eb m\u00ebtejsh\u00ebm \u201eP\u00ebrkthim dhe Interpretim n\u00eb Gjykata dhe Institucione\u201c <br>Q\u00ebndra p\u00ebr kualifikim t\u00eb m\u00ebtejsh\u00ebm &#8211; Universiteti i Hamburgut<\/li><li><strong><em>2013<\/em><\/strong><br>Master n\u00eb Administrim Biznesi (MBA) n\u00eb deg\u00ebn Menaxhim Nd\u00ebrkomb\u00ebtar<br>ESB Business School &#8211; Universiteti i Reutlingen, Gjermani<\/li><li><strong><em>2004<\/em><\/strong><br>Diplom\u00eb p\u00ebr P\u00ebrkthim dhe Interpretim t\u00eb Gjuh\u00ebs Gjermane<br>Fakulteti i Gjuh\u00ebve t\u00eb Huaja &#8211; Universiteti i Tiran\u00ebs, Shqip\u00ebri<\/li><li><strong><em>2000<\/em><br><\/strong>D\u00ebftes\u00eb Pjekurie<br>Shkolla e Mesme e Gjuh\u00ebve t\u00eb Huaja &#8211; Tiran\u00eb, Shqip\u00ebri <\/li><\/ul>\n\n\n\n<p><strong><span style=\"text-decoration:underline;\">Jemi n\u00eb dispozicionin tuaj duke ju ofruar profesionalitet, shpejt\u00ebsi dhe sakt\u00ebsi p\u00ebr p\u00ebrkthime me goj\u00eb dhe me shkrim nga shqipja n\u00eb gjermanisht dhe anasjelltas.<\/span><\/strong><\/p>\n\n\n\n<p><\/p>\n<\/div><\/div>\n\n\n\n<p><\/p>\n<\/div><\/div>\n\n\n\n<div class=\"wp-block-group is-layout-flow wp-block-group-is-layout-flow\"><div class=\"wp-block-group__inner-container\"><\/div><\/div>\n\n\n\n<p><\/p>\n","protected":false},"excerpt":{"rendered":"<p>Tatjana RAma &#8211; mba P\u00ebrkthyese dhe interprete zyrtare e betuar p\u00ebr gjuh\u00ebn shqipe p\u00ebr Bundeslandin e Hamburgut (Ministria e Brendshme dhe Sportit e Qytetit t\u00eb Lir\u00eb dhe Hanseatik t\u00eb Hamburgut) dhe Bundeslandin e Schleswig-Holstein (Gjykata e Apelit e Bundeslandit Schleswig-Holstein) Nj\u00eb jet\u00eb e p\u00ebrkushtuar p\u00ebrkthimit! Karriera: 2020Betimi si interprete dhe p\u00ebrkthyese zyrtare e betuar p\u00ebr &hellip; <a href=\"http:\/\/shqip.ubersetzeralbanisch.de\/index.php\/tatjanarama-2\/\" class=\"more-link\">Continue reading <span class=\"screen-reader-text\">Rreth meje<\/span> <span class=\"meta-nav\">&rarr;<\/span><\/a><\/p>\n","protected":false},"author":1,"featured_media":0,"parent":0,"menu_order":0,"comment_status":"closed","ping_status":"closed","template":"","meta":{"footnotes":""},"class_list":["post-467","page","type-page","status-publish","hentry"],"_links":{"self":[{"href":"http:\/\/shqip.ubersetzeralbanisch.de\/index.php\/wp-json\/wp\/v2\/pages\/467","targetHints":{"allow":["GET"]}}],"collection":[{"href":"http:\/\/shqip.ubersetzeralbanisch.de\/index.php\/wp-json\/wp\/v2\/pages"}],"about":[{"href":"http:\/\/shqip.ubersetzeralbanisch.de\/index.php\/wp-json\/wp\/v2\/types\/page"}],"author":[{"embeddable":true,"href":"http:\/\/shqip.ubersetzeralbanisch.de\/index.php\/wp-json\/wp\/v2\/users\/1"}],"replies":[{"embeddable":true,"href":"http:\/\/shqip.ubersetzeralbanisch.de\/index.php\/wp-json\/wp\/v2\/comments?post=467"}],"version-history":[{"count":0,"href":"http:\/\/shqip.ubersetzeralbanisch.de\/index.php\/wp-json\/wp\/v2\/pages\/467\/revisions"}],"wp:attachment":[{"href":"http:\/\/shqip.ubersetzeralbanisch.de\/index.php\/wp-json\/wp\/v2\/media?parent=467"}],"curies":[{"name":"wp","href":"https:\/\/api.w.org\/{rel}","templated":true}]}}